{"id":61,"date":"2020-01-23T18:21:52","date_gmt":"2020-01-23T18:21:52","guid":{"rendered":"https:\/\/demosites.io\/web-agency-gb\/?page_id=61"},"modified":"2024-03-21T21:59:59","modified_gmt":"2024-03-21T20:59:59","slug":"15c42-web-agency-gb-about-us","status":"publish","type":"page","link":"https:\/\/psicoterapia-antroposofica.com\/index.php\/15c42-web-agency-gb-about-us\/","title":{"rendered":"Sobre m\u00ed"},"content":{"rendered":"\n<div class=\"wp-block-cover alignfull\" style=\"min-height:600px\"><span aria-hidden=\"true\" class=\"wp-block-cover__background has-nv-light-bg-background-color has-background-dim-100 has-background-dim\"><\/span><div class=\"wp-block-cover__inner-container is-layout-flow wp-block-cover-is-layout-flow\">\n<div class=\"wp-block-group is-layout-flow wp-block-group-is-layout-flow\"><div class=\"wp-block-group__inner-container\">\n<div style=\"height:80px\" aria-hidden=\"true\" class=\"wp-block-spacer\"><\/div>\n\n\n\n<div class=\"wp-block-columns are-vertically-aligned-center has-neve-text-color-color has-text-color is-layout-flex wp-container-core-columns-layout-1 wp-block-columns-is-layout-flex\">\n<div class=\"wp-block-column is-vertically-aligned-center is-layout-flow wp-block-column-is-layout-flow\" style=\"flex-basis:50%\">\n<figure class=\"wp-block-image size-large is-resized\"><img loading=\"lazy\" decoding=\"async\" width=\"766\" height=\"1024\" src=\"https:\/\/psicoterapia-antroposofica.com\/wp-content\/uploads\/2024\/03\/IMG_20200628_094415-766x1024.jpg\" alt=\"\" class=\"wp-image-418\" style=\"width:457px;height:auto\" srcset=\"https:\/\/psicoterapia-antroposofica.com\/wp-content\/uploads\/2024\/03\/IMG_20200628_094415-766x1024.jpg 766w, https:\/\/psicoterapia-antroposofica.com\/wp-content\/uploads\/2024\/03\/IMG_20200628_094415-225x300.jpg 225w, https:\/\/psicoterapia-antroposofica.com\/wp-content\/uploads\/2024\/03\/IMG_20200628_094415-768x1026.jpg 768w, https:\/\/psicoterapia-antroposofica.com\/wp-content\/uploads\/2024\/03\/IMG_20200628_094415-1150x1536.jpg 1150w, https:\/\/psicoterapia-antroposofica.com\/wp-content\/uploads\/2024\/03\/IMG_20200628_094415-1533x2048.jpg 1533w, https:\/\/psicoterapia-antroposofica.com\/wp-content\/uploads\/2024\/03\/IMG_20200628_094415-scaled.jpg 1916w\" sizes=\"(max-width: 766px) 100vw, 766px\" \/><\/figure>\n<\/div>\n\n\n\n<div class=\"wp-block-column is-vertically-aligned-center is-layout-flow wp-block-column-is-layout-flow\" style=\"flex-basis:50%\">\n<h2 class=\"wp-block-heading has-neve-text-color-color has-text-color\">Biograf\u00eda<\/h2>\n\n\n\n<p class=\"has-neve-text-color-color has-text-color\">Oscar Aparicio. Nacido en 1978 en Madrid, Espa\u00f1a. Actualmente viviendo en Suiza<\/p>\n\n\n\n<p class=\"has-neve-text-color-color has-text-color\">Desde ni\u00f1o siempre con un sentido distinto del mundo espiritual que le gente que ten\u00eda alrededor, an\u00edmicamente pose\u00eda una empat\u00eda que me permit\u00eda percibir a los dem\u00e1s, esto gener\u00f3 en m\u00ed un impulso hacia la comprensi\u00f3n de las persona. <\/p>\n\n\n\n<p class=\"has-neve-text-color-color has-text-color\">Educado en la doctrina cat\u00f3lica con 16 a\u00f1os ante una falta de reconocimiento de Cristo en la vivencia que obtuve a trav\u00e9s del catolicismo, abandon\u00e9 la b\u00fasqueda espiritual y me adentr\u00e9 en el materialismo m\u00e1s profundo que hasta cierto punto me ayud\u00f3 a tener una relaci\u00f3n m\u00e1s directa del mundo material y a aprender a relacionarme con \u00e9l de forma eficiente. Durante unos a\u00f1os pas\u00e9 de la vida militar a ser experto en inform\u00e1tica de forma autodidacta. <\/p>\n\n\n\n<p>A los 26 a\u00f1os, despu\u00e9s del encuentro con Alejandro Cecchetto, quien fue mi maestro de medicina china, se despert\u00f3 otra vez esa b\u00fasqueda del mundo espiritual que hab\u00eda abandonado por casi una d\u00e9cada.<\/p>\n\n\n\n<p>Despu\u00e9s de 2 a\u00f1os de b\u00fasqueda de un camino espiritual que reconociera lo que experimentaba como esencia espiritual, el &#8220;Yo&#8221;, con 28 a\u00f1os conoc\u00ed la Antroposof\u00eda y en ese mismo momento y sin saber que era reconoc\u00ed que estaba en el sitio preciso en el momento preciso, un reconocimiento de mi propio karma para esta vida actual. <\/p>\n\n\n\n<p>A trav\u00e9s dela Antroposof\u00eda volv\u00ed a tener contacto con Cristo y reconoc\u00ed que \u00e9l es el camino, no como se explica en la doctrina cat\u00f3lica, sino a trav\u00e9s  de su comprensi\u00f3n y la experiencia consciente.<\/p>\n\n\n\n<p>A partir de ah\u00ed mi vida se dirige al conocimiento del mundo espiritual y de Cristo y a compartir e iluminar con ese conocimiento el mundo tanto como mis fuerzas me permiten. <\/p>\n\n\n\n<p><\/p>\n\n\n\n<p>&#8220;En el principio era el Verbo, y el Verbo estaba con Dios, y el Verbo era Dios.<br>Este estaba en el principio con Dios.<br>Todas las cosas por medio de \u00e9l fueron hechas, y sin \u00e9l nada de lo que ha sido hecho fue hecho.<br>En \u00e9l estaba la vida, y la vida era la luz de los hombres.<br>Y la luz resplandece en las tinieblas, y las tinieblas no la comprendieron.&#8221; Evangelio de San Juan Cap\u00edtulo 1.<\/p>\n\n\n\n<blockquote class=\"wp-block-quote\">\n<p><\/p>\n<cite>&#8220;En el principio era el Verbo, y el Verbo estaba con Dios, y el Verbo era Dios.<br>Este estaba en el principio con Dios.<br>Todas las cosas por medio de \u00e9l fueron hechas, y sin \u00e9l nada de lo que ha sido hecho fue hecho.<br>En \u00e9l estaba la vida, y la vida era la luz de los hombres.<br>Y la luz resplandece en las tinieblas, y las tinieblas no la comprendieron.&#8221; Evangelio de San Juan Cap\u00edtulo 1.<\/cite><\/blockquote>\n<\/div>\n<\/div>\n\n\n\n<div style=\"height:40px\" aria-hidden=\"true\" class=\"wp-block-spacer\"><\/div>\n<\/div><\/div>\n<\/div><\/div>\n\n\n\n<div class=\"wp-block-cover alignfull\" style=\"min-height:600px\"><span aria-hidden=\"true\" class=\"wp-block-cover__background has-nv-light-bg-background-color has-background-dim-100 has-background-dim\"><\/span><div class=\"wp-block-cover__inner-container is-layout-flow wp-block-cover-is-layout-flow\">\n<div class=\"wp-block-group is-layout-flow wp-block-group-is-layout-flow\"><div class=\"wp-block-group__inner-container\">\n<div style=\"height:80px\" aria-hidden=\"true\" class=\"wp-block-spacer\"><\/div>\n\n\n\n<div class=\"wp-block-columns is-layout-flex wp-container-core-columns-layout-2 wp-block-columns-is-layout-flex\">\n<div class=\"wp-block-column is-layout-flow wp-block-column-is-layout-flow\">\n<div style=\"height:24px\" aria-hidden=\"true\" class=\"wp-block-spacer\"><\/div>\n\n\n\n<h3 class=\"wp-block-heading has-text-align-center has-neve-text-color-color has-text-color\">Redes sociales<\/h3>\n\n\n\n<p class=\"has-text-align-center has-neve-text-color-color has-text-color\">Developer<\/p>\n\n\n\n<ul class=\"wp-block-social-links aligncenter is-layout-flex wp-block-social-links-is-layout-flex\"><li class=\"wp-social-link wp-social-link-facebook  wp-block-social-link\"><a href=\"https:\/\/#\" class=\"wp-block-social-link-anchor\"><svg width=\"24\" height=\"24\" viewBox=\"0 0 24 24\" version=\"1.1\" xmlns=\"http:\/\/www.w3.org\/2000\/svg\" aria-hidden=\"true\" focusable=\"false\"><path d=\"M12 2C6.5 2 2 6.5 2 12c0 5 3.7 9.1 8.4 9.9v-7H7.9V12h2.5V9.8c0-2.5 1.5-3.9 3.8-3.9 1.1 0 2.2.2 2.2.2v2.5h-1.3c-1.2 0-1.6.8-1.6 1.6V12h2.8l-.4 2.9h-2.3v7C18.3 21.1 22 17 22 12c0-5.5-4.5-10-10-10z\"><\/path><\/svg><span class=\"wp-block-social-link-label screen-reader-text\">Facebook<\/span><\/a><\/li>\n\n<li class=\"wp-social-link wp-social-link-twitter  wp-block-social-link\"><a href=\"https:\/\/#\" class=\"wp-block-social-link-anchor\"><svg width=\"24\" height=\"24\" viewBox=\"0 0 24 24\" version=\"1.1\" xmlns=\"http:\/\/www.w3.org\/2000\/svg\" aria-hidden=\"true\" focusable=\"false\"><path d=\"M22.23,5.924c-0.736,0.326-1.527,0.547-2.357,0.646c0.847-0.508,1.498-1.312,1.804-2.27 c-0.793,0.47-1.671,0.812-2.606,0.996C18.324,4.498,17.257,4,16.077,4c-2.266,0-4.103,1.837-4.103,4.103 c0,0.322,0.036,0.635,0.106,0.935C8.67,8.867,5.647,7.234,3.623,4.751C3.27,5.357,3.067,6.062,3.067,6.814 c0,1.424,0.724,2.679,1.825,3.415c-0.673-0.021-1.305-0.206-1.859-0.513c0,0.017,0,0.034,0,0.052c0,1.988,1.414,3.647,3.292,4.023 c-0.344,0.094-0.707,0.144-1.081,0.144c-0.264,0-0.521-0.026-0.772-0.074c0.522,1.63,2.038,2.816,3.833,2.85 c-1.404,1.1-3.174,1.756-5.096,1.756c-0.331,0-0.658-0.019-0.979-0.057c1.816,1.164,3.973,1.843,6.29,1.843 c7.547,0,11.675-6.252,11.675-11.675c0-0.178-0.004-0.355-0.012-0.531C20.985,7.47,21.68,6.747,22.23,5.924z\"><\/path><\/svg><span class=\"wp-block-social-link-label screen-reader-text\">Twitter<\/span><\/a><\/li>\n\n<li class=\"wp-social-link wp-social-link-linkedin  wp-block-social-link\"><a href=\"https:\/\/#\" class=\"wp-block-social-link-anchor\"><svg width=\"24\" height=\"24\" viewBox=\"0 0 24 24\" version=\"1.1\" xmlns=\"http:\/\/www.w3.org\/2000\/svg\" aria-hidden=\"true\" focusable=\"false\"><path d=\"M19.7,3H4.3C3.582,3,3,3.582,3,4.3v15.4C3,20.418,3.582,21,4.3,21h15.4c0.718,0,1.3-0.582,1.3-1.3V4.3 C21,3.582,20.418,3,19.7,3z M8.339,18.338H5.667v-8.59h2.672V18.338z M7.004,8.574c-0.857,0-1.549-0.694-1.549-1.548 c0-0.855,0.691-1.548,1.549-1.548c0.854,0,1.547,0.694,1.547,1.548C8.551,7.881,7.858,8.574,7.004,8.574z M18.339,18.338h-2.669 v-4.177c0-0.996-0.017-2.278-1.387-2.278c-1.389,0-1.601,1.086-1.601,2.206v4.249h-2.667v-8.59h2.559v1.174h0.037 c0.356-0.675,1.227-1.387,2.526-1.387c2.703,0,3.203,1.779,3.203,4.092V18.338z\"><\/path><\/svg><span class=\"wp-block-social-link-label screen-reader-text\">LinkedIn<\/span><\/a><\/li><\/ul>\n\n\n\n<div style=\"height:40px\" aria-hidden=\"true\" class=\"wp-block-spacer\"><\/div>\n<\/div>\n<\/div>\n\n\n\n<div style=\"height:40px\" aria-hidden=\"true\" class=\"wp-block-spacer\"><\/div>\n<\/div><\/div>\n<\/div><\/div>\n","protected":false},"excerpt":{"rendered":"","protected":false},"author":1,"featured_media":0,"parent":0,"menu_order":0,"comment_status":"closed","ping_status":"closed","template":"","meta":{"_monsterinsights_skip_tracking":false,"_monsterinsights_sitenote_active":false,"_monsterinsights_sitenote_note":"","_monsterinsights_sitenote_category":0,"neve_meta_sidebar":"default","neve_meta_container":"default","neve_meta_enable_content_width":"on","neve_meta_content_width":100,"neve_meta_title_alignment":"","neve_meta_author_avatar":"","neve_post_elements_order":"","neve_meta_disable_header":"","neve_meta_disable_footer":"","neve_meta_disable_title":"on","_themeisle_gutenberg_block_has_review":false,"_ti_tpc_template_sync":false,"_ti_tpc_template_id":"eex7gnweb2m8vo93cr1g","footnotes":""},"aioseo_notices":[],"_links":{"self":[{"href":"https:\/\/psicoterapia-antroposofica.com\/index.php\/wp-json\/wp\/v2\/pages\/61"}],"collection":[{"href":"https:\/\/psicoterapia-antroposofica.com\/index.php\/wp-json\/wp\/v2\/pages"}],"about":[{"href":"https:\/\/psicoterapia-antroposofica.com\/index.php\/wp-json\/wp\/v2\/types\/page"}],"author":[{"embeddable":true,"href":"https:\/\/psicoterapia-antroposofica.com\/index.php\/wp-json\/wp\/v2\/users\/1"}],"replies":[{"embeddable":true,"href":"https:\/\/psicoterapia-antroposofica.com\/index.php\/wp-json\/wp\/v2\/comments?post=61"}],"version-history":[{"count":6,"href":"https:\/\/psicoterapia-antroposofica.com\/index.php\/wp-json\/wp\/v2\/pages\/61\/revisions"}],"predecessor-version":[{"id":452,"href":"https:\/\/psicoterapia-antroposofica.com\/index.php\/wp-json\/wp\/v2\/pages\/61\/revisions\/452"}],"wp:attachment":[{"href":"https:\/\/psicoterapia-antroposofica.com\/index.php\/wp-json\/wp\/v2\/media?parent=61"}],"curies":[{"name":"wp","href":"https:\/\/api.w.org\/{rel}","templated":true}]}}